{"id":649,"date":"2024-05-22T16:21:01","date_gmt":"2024-05-22T14:21:01","guid":{"rendered":"https:\/\/www.sostyres.international\/?page_id=649"},"modified":"2024-05-27T12:02:29","modified_gmt":"2024-05-27T10:02:29","slug":"reset-password","status":"publish","type":"page","link":"https:\/\/www.sostyres.international\/es\/reset-password\/","title":{"rendered":"Reset Password"},"content":{"rendered":"\r\n<div id=\"password-lost-form-wrap\">\r\n\r\n\t\r\n\t\r\n\t<form id=\"lostpasswordform\" method=\"post\" class=\"account-page-form\">\r\n\t\t<fieldset>\r\n\t\t\t<legend>Restablecer la contrase\u00f1a<\/legend>\r\n\r\n\t\t\t<div class=\"somfrp-lost-pass-form-text\">\r\n\t\t\t\t<p class=\"extra-space\">Por favor, introduce tu direcci\u00f3n de correo electr\u00f3nico o tu nombre de usuario. Recibir\u00e1s un enlace por correo electr\u00f3nico para crear una nueva contrase\u00f1a.<\/p>\t\t\t<\/div>\r\n\r\n\t\t\t<p class=\"no-margin\">\r\n\t\t\t\t<label for=\"somfrp_user_info\">Direcci\u00f3n de correo electr\u00f3nico o nombre de usuario<\/label>\r\n\t\t\t\t<input type=\"text\" name=\"somfrp_user_info\" id=\"somfrp_user_info\" required autocomplete=\"username\">\r\n\t\t\t<\/p>\r\n\t\t\t\r\n\r\n\t\t\t<div class=\"lostpassword-submit\">\r\n\t\t\t\t<input type=\"hidden\" id=\"somfrp_nonce\" name=\"somfrp_nonce\" value=\"5d6fb27e8f\" \/><input type=\"hidden\" name=\"_wp_http_referer\" value=\"\/es\/wp-json\/wp\/v2\/pages\/649\" \/>\t\t\t\t<input type=\"hidden\" name=\"submitted\" id=\"submitted\" value=\"true\">\r\n\t\t\t\t<input type=\"hidden\" name=\"somfrp_action\" id=\"somfrp_post_action\" value=\"somfrp_lost_pass\">\r\n\t\t\t\t<button type=\"submit\" id=\"reset-pass-submit\" name=\"reset-pass-submit\" class=\"button big-btn\">Restablecer la contrase\u00f1a<\/button>\r\n\t\t\t<\/div>\r\n\r\n\t\t<\/fieldset>\r\n\t<\/form>\r\n\r\n<\/div>\n","protected":false},"excerpt":{"rendered":"Restablecer la contrase\u00f1a Por favor, introduce tu direcci\u00f3n de correo electr\u00f3nico o tu nombre de usuario. Recibir\u00e1s un enlace por correo electr\u00f3nico para crear una nueva contrase\u00f1a. Direcci\u00f3n de correo...","protected":false},"author":1,"featured_media":0,"parent":0,"menu_order":0,"comment_status":"closed","ping_status":"closed","template":"","meta":{"_acf_changed":false,"_joinchat":[],"footnotes":""},"class_list":["post-649","page","type-page","status-publish","hentry"],"acf":[],"yoast_head":"<!-- This site is optimized with the Yoast SEO plugin v27.4 - https:\/\/yoast.com\/product\/yoast-seo-wordpress\/ -->\n<title>Reset Password - Sos Tyres International<\/title>\n<meta name=\"robots\" content=\"index, follow, max-snippet:-1, max-image-preview:large, max-video-preview:-1\" \/>\n<link rel=\"canonical\" href=\"https:\/\/www.sostyres.international\/es\/reset-password\/\" \/>\n<meta property=\"og:locale\" content=\"es_ES\" \/>\n<meta property=\"og:type\" content=\"article\" \/>\n<meta property=\"og:title\" content=\"Reset Password - Sos Tyres International\" \/>\n<meta property=\"og:url\" content=\"https:\/\/www.sostyres.international\/es\/reset-password\/\" \/>\n<meta property=\"og:site_name\" content=\"Sos Tyres International\" \/>\n<meta property=\"article:publisher\" content=\"https:\/\/www.facebook.com\/SOSTYRESINTERNATIONAL\" \/>\n<meta property=\"article:modified_time\" content=\"2024-05-27T10:02:29+00:00\" \/>\n<meta name=\"twitter:card\" content=\"summary_large_image\" \/>\n<script type=\"application\/ld+json\" class=\"yoast-schema-graph\">{\"@context\":\"https:\\\/\\\/schema.org\",\"@graph\":[{\"@type\":\"WebPage\",\"@id\":\"https:\\\/\\\/www.sostyres.international\\\/es\\\/reset-password\\\/\",\"url\":\"https:\\\/\\\/www.sostyres.international\\\/es\\\/reset-password\\\/\",\"name\":\"Reset Password - Sos Tyres International\",\"isPartOf\":{\"@id\":\"https:\\\/\\\/www.sostyres.international\\\/es\\\/#website\"},\"datePublished\":\"2024-05-22T14:21:01+00:00\",\"dateModified\":\"2024-05-27T10:02:29+00:00\",\"breadcrumb\":{\"@id\":\"https:\\\/\\\/www.sostyres.international\\\/es\\\/reset-password\\\/#breadcrumb\"},\"inLanguage\":\"es\",\"potentialAction\":[{\"@type\":\"ReadAction\",\"target\":[\"https:\\\/\\\/www.sostyres.international\\\/es\\\/reset-password\\\/\"]}]},{\"@type\":\"BreadcrumbList\",\"@id\":\"https:\\\/\\\/www.sostyres.international\\\/es\\\/reset-password\\\/#breadcrumb\",\"itemListElement\":[{\"@type\":\"ListItem\",\"position\":1,\"name\":\"Home\",\"item\":\"https:\\\/\\\/www.sostyres.international\\\/es\\\/\"},{\"@type\":\"ListItem\",\"position\":2,\"name\":\"Reset Password\"}]},{\"@type\":\"WebSite\",\"@id\":\"https:\\\/\\\/www.sostyres.international\\\/es\\\/#website\",\"url\":\"https:\\\/\\\/www.sostyres.international\\\/es\\\/\",\"name\":\"Sos Tyres International\",\"description\":\"\",\"publisher\":{\"@id\":\"https:\\\/\\\/www.sostyres.international\\\/es\\\/#organization\"},\"potentialAction\":[{\"@type\":\"SearchAction\",\"target\":{\"@type\":\"EntryPoint\",\"urlTemplate\":\"https:\\\/\\\/www.sostyres.international\\\/es\\\/?s={search_term_string}\"},\"query-input\":{\"@type\":\"PropertyValueSpecification\",\"valueRequired\":true,\"valueName\":\"search_term_string\"}}],\"inLanguage\":\"es\"},{\"@type\":\"Organization\",\"@id\":\"https:\\\/\\\/www.sostyres.international\\\/es\\\/#organization\",\"name\":\"Sos Tyres International\",\"url\":\"https:\\\/\\\/www.sostyres.international\\\/es\\\/\",\"logo\":{\"@type\":\"ImageObject\",\"inLanguage\":\"es\",\"@id\":\"https:\\\/\\\/www.sostyres.international\\\/es\\\/#\\\/schema\\\/logo\\\/image\\\/\",\"url\":\"https:\\\/\\\/www.sostyres.international\\\/wp-content\\\/uploads\\\/2024\\\/05\\\/logoSos.jpg\",\"contentUrl\":\"https:\\\/\\\/www.sostyres.international\\\/wp-content\\\/uploads\\\/2024\\\/05\\\/logoSos.jpg\",\"width\":700,\"height\":134,\"caption\":\"Sos Tyres International\"},\"image\":{\"@id\":\"https:\\\/\\\/www.sostyres.international\\\/es\\\/#\\\/schema\\\/logo\\\/image\\\/\"},\"sameAs\":[\"https:\\\/\\\/www.facebook.com\\\/SOSTYRESINTERNATIONAL\",\"https:\\\/\\\/www.instagram.com\\\/sos_tyres_international\\\/\"]}]}<\/script>\n<!-- \/ Yoast SEO plugin. -->","yoast_head_json":{"title":"Reset Password - Sos Tyres International","robots":{"index":"index","follow":"follow","max-snippet":"max-snippet:-1","max-image-preview":"max-image-preview:large","max-video-preview":"max-video-preview:-1"},"canonical":"https:\/\/www.sostyres.international\/es\/reset-password\/","og_locale":"es_ES","og_type":"article","og_title":"Reset Password - Sos Tyres International","og_url":"https:\/\/www.sostyres.international\/es\/reset-password\/","og_site_name":"Sos Tyres International","article_publisher":"https:\/\/www.facebook.com\/SOSTYRESINTERNATIONAL","article_modified_time":"2024-05-27T10:02:29+00:00","twitter_card":"summary_large_image","schema":{"@context":"https:\/\/schema.org","@graph":[{"@type":"WebPage","@id":"https:\/\/www.sostyres.international\/es\/reset-password\/","url":"https:\/\/www.sostyres.international\/es\/reset-password\/","name":"Reset Password - Sos Tyres International","isPartOf":{"@id":"https:\/\/www.sostyres.international\/es\/#website"},"datePublished":"2024-05-22T14:21:01+00:00","dateModified":"2024-05-27T10:02:29+00:00","breadcrumb":{"@id":"https:\/\/www.sostyres.international\/es\/reset-password\/#breadcrumb"},"inLanguage":"es","potentialAction":[{"@type":"ReadAction","target":["https:\/\/www.sostyres.international\/es\/reset-password\/"]}]},{"@type":"BreadcrumbList","@id":"https:\/\/www.sostyres.international\/es\/reset-password\/#breadcrumb","itemListElement":[{"@type":"ListItem","position":1,"name":"Home","item":"https:\/\/www.sostyres.international\/es\/"},{"@type":"ListItem","position":2,"name":"Reset Password"}]},{"@type":"WebSite","@id":"https:\/\/www.sostyres.international\/es\/#website","url":"https:\/\/www.sostyres.international\/es\/","name":"Sos Tyres International","description":"","publisher":{"@id":"https:\/\/www.sostyres.international\/es\/#organization"},"potentialAction":[{"@type":"SearchAction","target":{"@type":"EntryPoint","urlTemplate":"https:\/\/www.sostyres.international\/es\/?s={search_term_string}"},"query-input":{"@type":"PropertyValueSpecification","valueRequired":true,"valueName":"search_term_string"}}],"inLanguage":"es"},{"@type":"Organization","@id":"https:\/\/www.sostyres.international\/es\/#organization","name":"Sos Tyres International","url":"https:\/\/www.sostyres.international\/es\/","logo":{"@type":"ImageObject","inLanguage":"es","@id":"https:\/\/www.sostyres.international\/es\/#\/schema\/logo\/image\/","url":"https:\/\/www.sostyres.international\/wp-content\/uploads\/2024\/05\/logoSos.jpg","contentUrl":"https:\/\/www.sostyres.international\/wp-content\/uploads\/2024\/05\/logoSos.jpg","width":700,"height":134,"caption":"Sos Tyres International"},"image":{"@id":"https:\/\/www.sostyres.international\/es\/#\/schema\/logo\/image\/"},"sameAs":["https:\/\/www.facebook.com\/SOSTYRESINTERNATIONAL","https:\/\/www.instagram.com\/sos_tyres_international\/"]}]}},"_links":{"self":[{"href":"https:\/\/www.sostyres.international\/es\/wp-json\/wp\/v2\/pages\/649","targetHints":{"allow":["GET"]}}],"collection":[{"href":"https:\/\/www.sostyres.international\/es\/wp-json\/wp\/v2\/pages"}],"about":[{"href":"https:\/\/www.sostyres.international\/es\/wp-json\/wp\/v2\/types\/page"}],"author":[{"embeddable":true,"href":"https:\/\/www.sostyres.international\/es\/wp-json\/wp\/v2\/users\/1"}],"replies":[{"embeddable":true,"href":"https:\/\/www.sostyres.international\/es\/wp-json\/wp\/v2\/comments?post=649"}],"version-history":[{"count":1,"href":"https:\/\/www.sostyres.international\/es\/wp-json\/wp\/v2\/pages\/649\/revisions"}],"predecessor-version":[{"id":650,"href":"https:\/\/www.sostyres.international\/es\/wp-json\/wp\/v2\/pages\/649\/revisions\/650"}],"wp:attachment":[{"href":"https:\/\/www.sostyres.international\/es\/wp-json\/wp\/v2\/media?parent=649"}],"curies":[{"name":"wp","href":"https:\/\/api.w.org\/{rel}","templated":true}]}}