{"id":364,"date":"2024-04-10T18:37:46","date_gmt":"2024-04-10T16:37:46","guid":{"rendered":"https:\/\/www.sostyres.international\/?page_id=364"},"modified":"2025-01-30T17:48:17","modified_gmt":"2025-01-30T16:48:17","slug":"sobre-nosotros","status":"publish","type":"page","link":"https:\/\/www.sostyres.international\/es\/sobre-nosotros\/","title":{"rendered":"Sobre nosotros"},"content":{"rendered":"<pre id=\"tw-target-text\" class=\"tw-data-text tw-text-large tw-ta\" dir=\"ltr\" data-placeholder=\"Traduzione\" aria-label=\"Testo tradotto\" data-ved=\"2ahUKEwjGu6bZ4I-GAxX98wIHHX33B50Q3ewLegQICRAU\"><span class=\"Y2IQFc\" lang=\"es\">Distribuidores de neum\u00e1ticos Distribuidores de neum\u00e1ticos y nuevamente distribuidores de neum\u00e1ticos.\r\n\r\nCon m\u00e1s de cuarenta a\u00f1os de experiencia en el sector de los neum\u00e1ticos para camiones. Desde maderas textiles convencionales hasta radiales \r\nde nueva generaci\u00f3n.\r\n\r\nDesde palancas Trilex hasta cambiadoras de neum\u00e1ticos autom\u00e1ticas y cuando el levantamiento de \"botellas\" requer\u00eda los brazos de Hulk \r\npara levantar un cami\u00f3n, sin mencionar las llaves cruzadas...\r\n\r\nMaldici\u00f3n. \u00a1\u00a1\u00a1Lo hemos logrado y hemos recorrido un largo camino!!!\r\n\r\nCon el tiempo hemos evolucionado, hemos crecido y hoy contamos con una amplia cobertura en todos los \u00e1mbitos de la asistencia en carretera, \r\n\u00a1\u00a1un centro de coordinaci\u00f3n 360\u00b0!!\r\n\r\nYa sea que se necesite asistencia de llantas, asistencia mec\u00e1nica o servicio de gr\u00faa, siempre estamos listos, con mucha experiencia \r\nsiempre puesta al servicio y disponible para nuestros amigos clientes.\r\n\r\nCiertamente cuando no hab\u00eda celulares e internet para resolver una emergencia, los medios y los m\u00e9todos, por no hablar de los tiempos\r\neran muy diferentes, pero si no hemos dejado a nadie en la calle desde 1972, significa que adem\u00e1s de del gran compromiso, quiz\u00e1s lo haya del otro tambi\u00e9n.\r\n\r\nBueno, d\u00eda tras d\u00eda, como la ara\u00f1a m\u00e1s paciente, tambi\u00e9n hemos creado nuestra red que hoy cuenta con un ej\u00e9rcito de m\u00e1s de 1850 distribuidores.\r\nEn la red de autopistas, la estrecha colaboraci\u00f3n con las autoridades autorizadas ACI, VAI, EUROP ASSISTANCE, ESA e IMASERVICE con 662 puntos \r\nde asistencia distribuidos homog\u00e9neamente en todo el territorio italiano, nos sit\u00faa en el mercado como empresa l\u00edder tanto en t\u00e9rminos de \r\ndensidad como de calidad. Ahora tambi\u00e9n estamos activos en territorio europeo gracias a las asociaciones establecidas con nuestros hom\u00f3logos de los Alpes.\r\n\r\nSeg\u00fan nuestras estad\u00edsticas, el 78% de las paradas, ya sea por descarrilamiento, por aver\u00eda o por accidente, se producen en las autopistas \r\ny sabemos bien que rara vez se tiene la posibilidad de detenerse en un \u00e1rea de descanso o de servicio, al contrario, muy A menudo es necesaria \r\nla asistencia en el carril de emergencia o incluso en un t\u00fanel... para circular en autopista se necesitan necesariamente manos expertas, nervios \r\nfuertes y personas responsables y capaces que tiendan a la excelencia.<\/span><\/pre>\n","protected":false},"excerpt":{"rendered":"<p>Distribuidores de neum\u00e1ticos Distribuidores de neum\u00e1ticos y nuevamente distribuidores de neum\u00e1ticos. Con m\u00e1s de cuarenta a\u00f1os de experiencia en el sector de los neum\u00e1ticos para camiones. Desde maderas textiles convencionales&#8230;<\/p>\n","protected":false},"author":1,"featured_media":185,"parent":0,"menu_order":0,"comment_status":"closed","ping_status":"closed","template":"templateChiSiamo.php","meta":{"_acf_changed":false,"_joinchat":[],"footnotes":""},"class_list":["post-364","page","type-page","status-publish","has-post-thumbnail","hentry"],"acf":[],"yoast_head":"<!-- This site is optimized with the Yoast SEO plugin v27.4 - https:\/\/yoast.com\/product\/yoast-seo-wordpress\/ -->\n<title>Sobre nosotros - Sos Tyres International<\/title>\n<meta name=\"robots\" content=\"index, follow, max-snippet:-1, max-image-preview:large, max-video-preview:-1\" \/>\n<link rel=\"canonical\" href=\"https:\/\/www.sostyres.international\/es\/sobre-nosotros\/\" \/>\n<meta property=\"og:locale\" content=\"es_ES\" \/>\n<meta property=\"og:type\" content=\"article\" \/>\n<meta property=\"og:title\" content=\"Sobre nosotros - Sos Tyres International\" \/>\n<meta property=\"og:description\" content=\"Distribuidores de neum\u00e1ticos Distribuidores de neum\u00e1ticos y nuevamente distribuidores de neum\u00e1ticos. Con m\u00e1s de cuarenta a\u00f1os de experiencia en el sector de los neum\u00e1ticos para camiones. Desde maderas textiles convencionales...\" \/>\n<meta property=\"og:url\" content=\"https:\/\/www.sostyres.international\/es\/sobre-nosotros\/\" \/>\n<meta property=\"og:site_name\" content=\"Sos Tyres International\" \/>\n<meta property=\"article:publisher\" content=\"https:\/\/www.facebook.com\/SOSTYRESINTERNATIONAL\" \/>\n<meta property=\"article:modified_time\" content=\"2025-01-30T16:48:17+00:00\" \/>\n<meta property=\"og:image\" content=\"https:\/\/www.sostyres.international\/wp-content\/uploads\/2024\/05\/omini_quadrata.jpg\" \/>\n\t<meta property=\"og:image:width\" content=\"1000\" \/>\n\t<meta property=\"og:image:height\" content=\"1000\" \/>\n\t<meta property=\"og:image:type\" content=\"image\/jpeg\" \/>\n<meta name=\"twitter:card\" content=\"summary_large_image\" \/>\n<meta name=\"twitter:label1\" content=\"Tiempo de lectura\" \/>\n\t<meta name=\"twitter:data1\" content=\"1 minuto\" \/>\n<script type=\"application\/ld+json\" class=\"yoast-schema-graph\">{\"@context\":\"https:\\\/\\\/schema.org\",\"@graph\":[{\"@type\":\"WebPage\",\"@id\":\"https:\\\/\\\/www.sostyres.international\\\/es\\\/sobre-nosotros\\\/\",\"url\":\"https:\\\/\\\/www.sostyres.international\\\/es\\\/sobre-nosotros\\\/\",\"name\":\"Sobre nosotros - Sos Tyres International\",\"isPartOf\":{\"@id\":\"https:\\\/\\\/www.sostyres.international\\\/es\\\/#website\"},\"primaryImageOfPage\":{\"@id\":\"https:\\\/\\\/www.sostyres.international\\\/es\\\/sobre-nosotros\\\/#primaryimage\"},\"image\":{\"@id\":\"https:\\\/\\\/www.sostyres.international\\\/es\\\/sobre-nosotros\\\/#primaryimage\"},\"thumbnailUrl\":\"https:\\\/\\\/www.sostyres.international\\\/wp-content\\\/uploads\\\/2024\\\/05\\\/omini_quadrata.jpg\",\"datePublished\":\"2024-04-10T16:37:46+00:00\",\"dateModified\":\"2025-01-30T16:48:17+00:00\",\"breadcrumb\":{\"@id\":\"https:\\\/\\\/www.sostyres.international\\\/es\\\/sobre-nosotros\\\/#breadcrumb\"},\"inLanguage\":\"es\",\"potentialAction\":[{\"@type\":\"ReadAction\",\"target\":[\"https:\\\/\\\/www.sostyres.international\\\/es\\\/sobre-nosotros\\\/\"]}]},{\"@type\":\"ImageObject\",\"inLanguage\":\"es\",\"@id\":\"https:\\\/\\\/www.sostyres.international\\\/es\\\/sobre-nosotros\\\/#primaryimage\",\"url\":\"https:\\\/\\\/www.sostyres.international\\\/wp-content\\\/uploads\\\/2024\\\/05\\\/omini_quadrata.jpg\",\"contentUrl\":\"https:\\\/\\\/www.sostyres.international\\\/wp-content\\\/uploads\\\/2024\\\/05\\\/omini_quadrata.jpg\",\"width\":1000,\"height\":1000},{\"@type\":\"BreadcrumbList\",\"@id\":\"https:\\\/\\\/www.sostyres.international\\\/es\\\/sobre-nosotros\\\/#breadcrumb\",\"itemListElement\":[{\"@type\":\"ListItem\",\"position\":1,\"name\":\"Home\",\"item\":\"https:\\\/\\\/www.sostyres.international\\\/es\\\/\"},{\"@type\":\"ListItem\",\"position\":2,\"name\":\"Sobre nosotros\"}]},{\"@type\":\"WebSite\",\"@id\":\"https:\\\/\\\/www.sostyres.international\\\/es\\\/#website\",\"url\":\"https:\\\/\\\/www.sostyres.international\\\/es\\\/\",\"name\":\"Sos Tyres International\",\"description\":\"\",\"publisher\":{\"@id\":\"https:\\\/\\\/www.sostyres.international\\\/es\\\/#organization\"},\"potentialAction\":[{\"@type\":\"SearchAction\",\"target\":{\"@type\":\"EntryPoint\",\"urlTemplate\":\"https:\\\/\\\/www.sostyres.international\\\/es\\\/?s={search_term_string}\"},\"query-input\":{\"@type\":\"PropertyValueSpecification\",\"valueRequired\":true,\"valueName\":\"search_term_string\"}}],\"inLanguage\":\"es\"},{\"@type\":\"Organization\",\"@id\":\"https:\\\/\\\/www.sostyres.international\\\/es\\\/#organization\",\"name\":\"Sos Tyres International\",\"url\":\"https:\\\/\\\/www.sostyres.international\\\/es\\\/\",\"logo\":{\"@type\":\"ImageObject\",\"inLanguage\":\"es\",\"@id\":\"https:\\\/\\\/www.sostyres.international\\\/es\\\/#\\\/schema\\\/logo\\\/image\\\/\",\"url\":\"https:\\\/\\\/www.sostyres.international\\\/wp-content\\\/uploads\\\/2024\\\/05\\\/logoSos.jpg\",\"contentUrl\":\"https:\\\/\\\/www.sostyres.international\\\/wp-content\\\/uploads\\\/2024\\\/05\\\/logoSos.jpg\",\"width\":700,\"height\":134,\"caption\":\"Sos Tyres International\"},\"image\":{\"@id\":\"https:\\\/\\\/www.sostyres.international\\\/es\\\/#\\\/schema\\\/logo\\\/image\\\/\"},\"sameAs\":[\"https:\\\/\\\/www.facebook.com\\\/SOSTYRESINTERNATIONAL\",\"https:\\\/\\\/www.instagram.com\\\/sos_tyres_international\\\/\"]}]}<\/script>\n<!-- \/ Yoast SEO plugin. -->","yoast_head_json":{"title":"Sobre nosotros - Sos Tyres International","robots":{"index":"index","follow":"follow","max-snippet":"max-snippet:-1","max-image-preview":"max-image-preview:large","max-video-preview":"max-video-preview:-1"},"canonical":"https:\/\/www.sostyres.international\/es\/sobre-nosotros\/","og_locale":"es_ES","og_type":"article","og_title":"Sobre nosotros - Sos Tyres International","og_description":"Distribuidores de neum\u00e1ticos Distribuidores de neum\u00e1ticos y nuevamente distribuidores de neum\u00e1ticos. Con m\u00e1s de cuarenta a\u00f1os de experiencia en el sector de los neum\u00e1ticos para camiones. Desde maderas textiles convencionales...","og_url":"https:\/\/www.sostyres.international\/es\/sobre-nosotros\/","og_site_name":"Sos Tyres International","article_publisher":"https:\/\/www.facebook.com\/SOSTYRESINTERNATIONAL","article_modified_time":"2025-01-30T16:48:17+00:00","og_image":[{"width":1000,"height":1000,"url":"https:\/\/www.sostyres.international\/wp-content\/uploads\/2024\/05\/omini_quadrata.jpg","type":"image\/jpeg"}],"twitter_card":"summary_large_image","twitter_misc":{"Tiempo de lectura":"1 minuto"},"schema":{"@context":"https:\/\/schema.org","@graph":[{"@type":"WebPage","@id":"https:\/\/www.sostyres.international\/es\/sobre-nosotros\/","url":"https:\/\/www.sostyres.international\/es\/sobre-nosotros\/","name":"Sobre nosotros - Sos Tyres International","isPartOf":{"@id":"https:\/\/www.sostyres.international\/es\/#website"},"primaryImageOfPage":{"@id":"https:\/\/www.sostyres.international\/es\/sobre-nosotros\/#primaryimage"},"image":{"@id":"https:\/\/www.sostyres.international\/es\/sobre-nosotros\/#primaryimage"},"thumbnailUrl":"https:\/\/www.sostyres.international\/wp-content\/uploads\/2024\/05\/omini_quadrata.jpg","datePublished":"2024-04-10T16:37:46+00:00","dateModified":"2025-01-30T16:48:17+00:00","breadcrumb":{"@id":"https:\/\/www.sostyres.international\/es\/sobre-nosotros\/#breadcrumb"},"inLanguage":"es","potentialAction":[{"@type":"ReadAction","target":["https:\/\/www.sostyres.international\/es\/sobre-nosotros\/"]}]},{"@type":"ImageObject","inLanguage":"es","@id":"https:\/\/www.sostyres.international\/es\/sobre-nosotros\/#primaryimage","url":"https:\/\/www.sostyres.international\/wp-content\/uploads\/2024\/05\/omini_quadrata.jpg","contentUrl":"https:\/\/www.sostyres.international\/wp-content\/uploads\/2024\/05\/omini_quadrata.jpg","width":1000,"height":1000},{"@type":"BreadcrumbList","@id":"https:\/\/www.sostyres.international\/es\/sobre-nosotros\/#breadcrumb","itemListElement":[{"@type":"ListItem","position":1,"name":"Home","item":"https:\/\/www.sostyres.international\/es\/"},{"@type":"ListItem","position":2,"name":"Sobre nosotros"}]},{"@type":"WebSite","@id":"https:\/\/www.sostyres.international\/es\/#website","url":"https:\/\/www.sostyres.international\/es\/","name":"Sos Tyres International","description":"","publisher":{"@id":"https:\/\/www.sostyres.international\/es\/#organization"},"potentialAction":[{"@type":"SearchAction","target":{"@type":"EntryPoint","urlTemplate":"https:\/\/www.sostyres.international\/es\/?s={search_term_string}"},"query-input":{"@type":"PropertyValueSpecification","valueRequired":true,"valueName":"search_term_string"}}],"inLanguage":"es"},{"@type":"Organization","@id":"https:\/\/www.sostyres.international\/es\/#organization","name":"Sos Tyres International","url":"https:\/\/www.sostyres.international\/es\/","logo":{"@type":"ImageObject","inLanguage":"es","@id":"https:\/\/www.sostyres.international\/es\/#\/schema\/logo\/image\/","url":"https:\/\/www.sostyres.international\/wp-content\/uploads\/2024\/05\/logoSos.jpg","contentUrl":"https:\/\/www.sostyres.international\/wp-content\/uploads\/2024\/05\/logoSos.jpg","width":700,"height":134,"caption":"Sos Tyres International"},"image":{"@id":"https:\/\/www.sostyres.international\/es\/#\/schema\/logo\/image\/"},"sameAs":["https:\/\/www.facebook.com\/SOSTYRESINTERNATIONAL","https:\/\/www.instagram.com\/sos_tyres_international\/"]}]}},"_links":{"self":[{"href":"https:\/\/www.sostyres.international\/es\/wp-json\/wp\/v2\/pages\/364","targetHints":{"allow":["GET"]}}],"collection":[{"href":"https:\/\/www.sostyres.international\/es\/wp-json\/wp\/v2\/pages"}],"about":[{"href":"https:\/\/www.sostyres.international\/es\/wp-json\/wp\/v2\/types\/page"}],"author":[{"embeddable":true,"href":"https:\/\/www.sostyres.international\/es\/wp-json\/wp\/v2\/users\/1"}],"replies":[{"embeddable":true,"href":"https:\/\/www.sostyres.international\/es\/wp-json\/wp\/v2\/comments?post=364"}],"version-history":[{"count":3,"href":"https:\/\/www.sostyres.international\/es\/wp-json\/wp\/v2\/pages\/364\/revisions"}],"predecessor-version":[{"id":2720,"href":"https:\/\/www.sostyres.international\/es\/wp-json\/wp\/v2\/pages\/364\/revisions\/2720"}],"wp:featuredmedia":[{"embeddable":true,"href":"https:\/\/www.sostyres.international\/es\/wp-json\/wp\/v2\/media\/185"}],"wp:attachment":[{"href":"https:\/\/www.sostyres.international\/es\/wp-json\/wp\/v2\/media?parent=364"}],"curies":[{"name":"wp","href":"https:\/\/api.w.org\/{rel}","templated":true}]}}